{"id":185,"date":"2025-10-06T14:28:46","date_gmt":"2025-10-06T12:28:46","guid":{"rendered":"https:\/\/vspmotorsport.com\/?page_id=185"},"modified":"2026-02-18T10:22:30","modified_gmt":"2026-02-18T09:22:30","slug":"sponsorer","status":"publish","type":"page","link":"https:\/\/vspmotorsport.com\/en\/sponsorer\/","title":{"rendered":"SPONSORS"},"content":{"rendered":"<div data-elementor-type=\"wp-page\" data-elementor-id=\"185\" class=\"elementor elementor-185\" data-elementor-post-type=\"page\">\n\t\t\t\t<div class=\"elementor-element elementor-element-cdd2a0e e-flex e-con-boxed e-con e-parent\" data-id=\"cdd2a0e\" data-element_type=\"container\" data-settings=\"{&quot;background_background&quot;:&quot;video&quot;,&quot;background_video_link&quot;:&quot;https:\\\/\\\/vimeo.com\\\/1165738404?share=copy&amp;fl=sv&amp;fe=ci&quot;}\">\n\t\t\t\t\t<div class=\"e-con-inner\">\n\t\t<div class=\"elementor-background-video-container elementor-hidden-mobile\">\n\t\t\t\t\t\t\t<div class=\"elementor-background-video-embed\" role=\"presentation\"><\/div>\n\t\t\t\t\t\t<\/div>\t\t<div class=\"elementor-element elementor-element-6909755 elementor-invisible elementor-widget elementor-widget-heading\" data-id=\"6909755\" data-element_type=\"widget\" data-settings=\"{&quot;_animation&quot;:&quot;fadeInUp&quot;}\" data-widget_type=\"heading.default\">\n\t\t\t\t\t<h1 class=\"elementor-heading-title elementor-size-default\">SPONSORS<\/h1>\t\t\t\t<\/div>\n\t\t\t\t\t<\/div>\n\t\t\t\t<\/div>\n\t\t<div class=\"elementor-element elementor-element-8014c49 e-flex e-con-boxed e-con e-parent\" data-id=\"8014c49\" data-element_type=\"container\">\n\t\t\t\t\t<div class=\"e-con-inner\">\n\t\t\t\t<div class=\"elementor-element elementor-element-97eeb92 elementor-widget elementor-widget-text-editor\" data-id=\"97eeb92\" data-element_type=\"widget\" id=\"aktuelle\" data-widget_type=\"text-editor.default\">\n\t\t\t\t\t\t\t\t\t<h2><em><strong>A big thank you to our sponsors<\/strong><\/em><\/h2>\t\t\t\t\t\t\t\t<\/div>\n\t\t\t\t\t<\/div>\n\t\t\t\t<\/div>\n\t\t<div class=\"elementor-element elementor-element-4ab84b7 e-grid e-con-boxed e-con e-parent\" data-id=\"4ab84b7\" data-element_type=\"container\">\n\t\t\t\t\t<div class=\"e-con-inner\">\n\t\t\t\t<div class=\"elementor-element elementor-element-2ec0eef elementor-position-top elementor-widget elementor-widget-image-box\" data-id=\"2ec0eef\" data-element_type=\"widget\" data-widget_type=\"image-box.default\">\n\t\t\t\t\t<div class=\"elementor-image-box-wrapper\"><figure class=\"elementor-image-box-img\"><a href=\"https:\/\/www.bauhaus.dk\/\" tabindex=\"-1\" target=\"_blank\" rel=\"noopener\"><img fetchpriority=\"high\" decoding=\"async\" width=\"380\" height=\"280\" src=\"https:\/\/vspmotorsport.com\/wp-content\/uploads\/2025\/10\/bauhaus.png\" class=\"attachment-full size-full wp-image-391\" alt=\"\" srcset=\"https:\/\/vspmotorsport.com\/wp-content\/uploads\/2025\/10\/bauhaus.png 380w, https:\/\/vspmotorsport.com\/wp-content\/uploads\/2025\/10\/bauhaus-300x221.png 300w\" sizes=\"(max-width: 380px) 100vw, 380px\" \/><\/a><\/figure><div class=\"elementor-image-box-content\"><h3 class=\"elementor-image-box-title\"><a href=\"https:\/\/www.bauhaus.dk\/\" target=\"_blank\" rel=\"noopener\">BAUHAUS<\/a><\/h3><\/div><\/div>\t\t\t\t<\/div>\n\t\t\t\t<div class=\"elementor-element elementor-element-546e519 elementor-position-top elementor-widget elementor-widget-image-box\" data-id=\"546e519\" data-element_type=\"widget\" data-widget_type=\"image-box.default\">\n\t\t\t\t\t<div class=\"elementor-image-box-wrapper\"><figure class=\"elementor-image-box-img\"><a href=\"https:\/\/www.holst-law.com\/\" tabindex=\"-1\" target=\"_blank\" rel=\"noopener\"><img decoding=\"async\" width=\"380\" height=\"280\" src=\"https:\/\/vspmotorsport.com\/wp-content\/uploads\/2025\/10\/holst.png\" class=\"attachment-full size-full wp-image-393\" alt=\"\" srcset=\"https:\/\/vspmotorsport.com\/wp-content\/uploads\/2025\/10\/holst.png 380w, https:\/\/vspmotorsport.com\/wp-content\/uploads\/2025\/10\/holst-300x221.png 300w\" sizes=\"(max-width: 380px) 100vw, 380px\" \/><\/a><\/figure><div class=\"elementor-image-box-content\"><h3 class=\"elementor-image-box-title\"><a href=\"https:\/\/www.holst-law.com\/\" target=\"_blank\" rel=\"noopener\">holst advokater<\/a><\/h3><\/div><\/div>\t\t\t\t<\/div>\n\t\t\t\t<div class=\"elementor-element elementor-element-06d9f95 elementor-position-top elementor-widget elementor-widget-image-box\" data-id=\"06d9f95\" data-element_type=\"widget\" data-widget_type=\"image-box.default\">\n\t\t\t\t\t<div class=\"elementor-image-box-wrapper\"><figure class=\"elementor-image-box-img\"><a href=\"https:\/\/www.beierholm.dk\/\" tabindex=\"-1\" target=\"_blank\" rel=\"noopener\"><img decoding=\"async\" width=\"380\" height=\"280\" src=\"https:\/\/vspmotorsport.com\/wp-content\/uploads\/2025\/10\/beierholm-1.png\" class=\"attachment-full size-full wp-image-394\" alt=\"\" srcset=\"https:\/\/vspmotorsport.com\/wp-content\/uploads\/2025\/10\/beierholm-1.png 380w, https:\/\/vspmotorsport.com\/wp-content\/uploads\/2025\/10\/beierholm-1-300x221.png 300w\" sizes=\"(max-width: 380px) 100vw, 380px\" \/><\/a><\/figure><div class=\"elementor-image-box-content\"><h3 class=\"elementor-image-box-title\"><a href=\"https:\/\/www.beierholm.dk\/\" target=\"_blank\" rel=\"noopener\">BEIERHOLM<\/a><\/h3><\/div><\/div>\t\t\t\t<\/div>\n\t\t\t\t<div class=\"elementor-element elementor-element-038c0f0 elementor-position-top elementor-widget elementor-widget-image-box\" data-id=\"038c0f0\" data-element_type=\"widget\" data-widget_type=\"image-box.default\">\n\t\t\t\t\t<div class=\"elementor-image-box-wrapper\"><figure class=\"elementor-image-box-img\"><a href=\"https:\/\/www.ok.dk\/\" tabindex=\"-1\" target=\"_blank\" rel=\"noopener\"><img loading=\"lazy\" decoding=\"async\" width=\"380\" height=\"280\" src=\"https:\/\/vspmotorsport.com\/wp-content\/uploads\/2025\/10\/ok.png\" class=\"attachment-full size-full wp-image-395\" alt=\"\" srcset=\"https:\/\/vspmotorsport.com\/wp-content\/uploads\/2025\/10\/ok.png 380w, https:\/\/vspmotorsport.com\/wp-content\/uploads\/2025\/10\/ok-300x221.png 300w\" sizes=\"(max-width: 380px) 100vw, 380px\" \/><\/a><\/figure><div class=\"elementor-image-box-content\"><h3 class=\"elementor-image-box-title\"><a href=\"https:\/\/www.ok.dk\/\" target=\"_blank\" rel=\"noopener\">OK<\/a><\/h3><\/div><\/div>\t\t\t\t<\/div>\n\t\t\t\t<div class=\"elementor-element elementor-element-7012b6b elementor-position-top elementor-widget elementor-widget-image-box\" data-id=\"7012b6b\" data-element_type=\"widget\" data-widget_type=\"image-box.default\">\n\t\t\t\t\t<div class=\"elementor-image-box-wrapper\"><figure class=\"elementor-image-box-img\"><a href=\"https:\/\/sunset-boulevard.dk\/\" tabindex=\"-1\" target=\"_blank\" rel=\"noopener\"><img loading=\"lazy\" decoding=\"async\" width=\"380\" height=\"280\" src=\"https:\/\/vspmotorsport.com\/wp-content\/uploads\/2025\/10\/sunset.png\" class=\"attachment-full size-full wp-image-396\" alt=\"\" srcset=\"https:\/\/vspmotorsport.com\/wp-content\/uploads\/2025\/10\/sunset.png 380w, https:\/\/vspmotorsport.com\/wp-content\/uploads\/2025\/10\/sunset-300x221.png 300w\" sizes=\"(max-width: 380px) 100vw, 380px\" \/><\/a><\/figure><div class=\"elementor-image-box-content\"><h3 class=\"elementor-image-box-title\"><a href=\"https:\/\/sunset-boulevard.dk\/\" target=\"_blank\" rel=\"noopener\">SUNSET<\/a><\/h3><\/div><\/div>\t\t\t\t<\/div>\n\t\t\t\t\t<\/div>\n\t\t\t\t<\/div>\n\t\t<div class=\"elementor-element elementor-element-bf8894e e-flex e-con-boxed e-con e-parent\" data-id=\"bf8894e\" data-element_type=\"container\" data-settings=\"{&quot;background_background&quot;:&quot;classic&quot;}\">\n\t\t\t\t\t<div class=\"e-con-inner\">\n\t\t\t\t<div class=\"elementor-element elementor-element-4f2082e elementor-widget elementor-widget-heading\" data-id=\"4f2082e\" data-element_type=\"widget\" id=\"blivsponsor\" data-widget_type=\"heading.default\">\n\t\t\t\t\t<h2 class=\"elementor-heading-title elementor-size-default\">WANT TO BECOME A SPONSOR?<\/h2>\t\t\t\t<\/div>\n\t\t\t\t<div class=\"elementor-element elementor-element-e0e574d elementor-widget__width-initial elementor-widget elementor-widget-text-editor\" data-id=\"e0e574d\" data-element_type=\"widget\" data-widget_type=\"text-editor.default\">\n\t\t\t\t\t\t\t\t\t<p>Become part of VSP Motorsport and get your brand out on the track. As a sponsor, you gain exposure, visibility, and access to a strong network within motorsport.<\/p>\t\t\t\t\t\t\t\t<\/div>\n\t\t\t\t<div class=\"elementor-element elementor-element-1640424 elementor-align-center elementor-widget elementor-widget-button\" data-id=\"1640424\" data-element_type=\"widget\" data-widget_type=\"button.default\">\n\t\t\t\t\t\t\t\t\t\t<a class=\"elementor-button elementor-button-link elementor-size-sm\" href=\"https:\/\/vspmotorsport.com\/en\/kontakt\/\">\n\t\t\t\t\t\t<span class=\"elementor-button-content-wrapper\">\n\t\t\t\t\t\t\t\t\t<span class=\"elementor-button-text\">Contact us<\/span>\n\t\t\t\t\t<\/span>\n\t\t\t\t\t<\/a>\n\t\t\t\t\t\t\t\t<\/div>\n\t\t\t\t\t<\/div>\n\t\t\t\t<\/div>\n\t\t<div class=\"elementor-element elementor-element-8f73baf e-con-full e-flex e-con e-parent\" data-id=\"8f73baf\" data-element_type=\"container\">\n\t\t<div class=\"elementor-element elementor-element-b5a16b8 e-con-full e-flex elementor-invisible e-con e-child\" data-id=\"b5a16b8\" data-element_type=\"container\" data-settings=\"{&quot;animation&quot;:&quot;fadeIn&quot;}\">\n\t\t<div class=\"elementor-element elementor-element-e6cf49b e-flex e-con-boxed elementor-invisible e-con e-child\" data-id=\"e6cf49b\" data-element_type=\"container\" data-settings=\"{&quot;animation&quot;:&quot;fadeInUp&quot;}\">\n\t\t\t\t\t<div class=\"e-con-inner\">\n\t\t\t\t<div class=\"elementor-element elementor-element-d5836d0 elementor-widget elementor-widget-heading\" data-id=\"d5836d0\" data-element_type=\"widget\" id=\"detfaardu\" data-widget_type=\"heading.default\">\n\t\t\t\t\t<h2 class=\"elementor-heading-title elementor-size-default\">WHAT YOU GET AS A SPONSOR<\/h2>\t\t\t\t<\/div>\n\t\t\t\t<div class=\"elementor-element elementor-element-3a1aba1 elementor-widget elementor-widget-heading\" data-id=\"3a1aba1\" data-element_type=\"widget\" data-widget_type=\"heading.default\">\n\t\t\t\t\t<h6 class=\"elementor-heading-title elementor-size-default\">VSP MOTORSPORT<\/h6>\t\t\t\t<\/div>\n\t\t\t\t<div class=\"elementor-element elementor-element-41c3615 elementor-widget__width-initial elementor-widget elementor-widget-text-editor\" data-id=\"41c3615\" data-element_type=\"widget\" data-widget_type=\"text-editor.default\">\n\t\t\t\t\t\t\t\t\t<p>As a sponsor of VSP Motorsport, you become an active part of the journey\u2014both on and off the track. Your brand gains visibility, recognition, and professional exposure in an exclusive, growth-oriented environment.<\/p><h3><strong>As a sponsor, you receive:<\/strong><\/h3>\t\t\t\t\t\t\t\t<\/div>\n\t\t\t\t<div class=\"elementor-element elementor-element-3eeda08 elementor-align-start elementor-icon-list--layout-traditional elementor-list-item-link-full_width elementor-widget elementor-widget-icon-list\" data-id=\"3eeda08\" data-element_type=\"widget\" data-widget_type=\"icon-list.default\">\n\t\t\t\t\t\t\t<ul class=\"elementor-icon-list-items\">\n\t\t\t\t\t\t\t<li class=\"elementor-icon-list-item\">\n\t\t\t\t\t\t\t\t\t\t\t<span class=\"elementor-icon-list-icon\">\n\t\t\t\t\t\t\t<svg aria-hidden=\"true\" class=\"e-font-icon-svg e-fas-angle-double-right\" viewbox=\"0 0 448 512\" xmlns=\"http:\/\/www.w3.org\/2000\/svg\"><path d=\"M224.3 273l-136 136c-9.4 9.4-24.6 9.4-33.9 0l-22.6-22.6c-9.4-9.4-9.4-24.6 0-33.9l96.4-96.4-96.4-96.4c-9.4-9.4-9.4-24.6 0-33.9L54.3 103c9.4-9.4 24.6-9.4 33.9 0l136 136c9.5 9.4 9.5 24.6.1 34zm192-34l-136-136c-9.4-9.4-24.6-9.4-33.9 0l-22.6 22.6c-9.4 9.4-9.4 24.6 0 33.9l96.4 96.4-96.4 96.4c-9.4 9.4-9.4 24.6 0 33.9l22.6 22.6c9.4 9.4 24.6 9.4 33.9 0l136-136c9.4-9.2 9.4-24.4 0-33.8z\"><\/path><\/svg>\t\t\t\t\t\t<\/span>\n\t\t\t\t\t\t\t\t\t\t<span class=\"elementor-icon-list-text\">Advertising placement on the Formula 4 car and race suit<\/span>\n\t\t\t\t\t\t\t\t\t<\/li>\n\t\t\t\t\t\t\t\t<li class=\"elementor-icon-list-item\">\n\t\t\t\t\t\t\t\t\t\t\t<span class=\"elementor-icon-list-icon\">\n\t\t\t\t\t\t\t<svg aria-hidden=\"true\" class=\"e-font-icon-svg e-fas-angle-double-right\" viewbox=\"0 0 448 512\" xmlns=\"http:\/\/www.w3.org\/2000\/svg\"><path d=\"M224.3 273l-136 136c-9.4 9.4-24.6 9.4-33.9 0l-22.6-22.6c-9.4-9.4-9.4-24.6 0-33.9l96.4-96.4-96.4-96.4c-9.4-9.4-9.4-24.6 0-33.9L54.3 103c9.4-9.4 24.6-9.4 33.9 0l136 136c9.5 9.4 9.5 24.6.1 34zm192-34l-136-136c-9.4-9.4-24.6-9.4-33.9 0l-22.6 22.6c-9.4 9.4-9.4 24.6 0 33.9l96.4 96.4-96.4 96.4c-9.4 9.4-9.4 24.6 0 33.9l22.6 22.6c9.4 9.4 24.6 9.4 33.9 0l136-136c9.4-9.2 9.4-24.4 0-33.8z\"><\/path><\/svg>\t\t\t\t\t\t<\/span>\n\t\t\t\t\t\t\t\t\t\t<span class=\"elementor-icon-list-text\">Exposure on the website and in connection with special events<\/span>\n\t\t\t\t\t\t\t\t\t<\/li>\n\t\t\t\t\t\t\t\t<li class=\"elementor-icon-list-item\">\n\t\t\t\t\t\t\t\t\t\t\t<span class=\"elementor-icon-list-icon\">\n\t\t\t\t\t\t\t<svg aria-hidden=\"true\" class=\"e-font-icon-svg e-fas-angle-double-right\" viewbox=\"0 0 448 512\" xmlns=\"http:\/\/www.w3.org\/2000\/svg\"><path d=\"M224.3 273l-136 136c-9.4 9.4-24.6 9.4-33.9 0l-22.6-22.6c-9.4-9.4-9.4-24.6 0-33.9l96.4-96.4-96.4-96.4c-9.4-9.4-9.4-24.6 0-33.9L54.3 103c9.4-9.4 24.6-9.4 33.9 0l136 136c9.5 9.4 9.5 24.6.1 34zm192-34l-136-136c-9.4-9.4-24.6-9.4-33.9 0l-22.6 22.6c-9.4 9.4-9.4 24.6 0 33.9l96.4 96.4-96.4 96.4c-9.4 9.4-9.4 24.6 0 33.9l22.6 22.6c9.4 9.4 24.6 9.4 33.9 0l136-136c9.4-9.2 9.4-24.4 0-33.8z\"><\/path><\/svg>\t\t\t\t\t\t<\/span>\n\t\t\t\t\t\t\t\t\t\t<span class=\"elementor-icon-list-text\">Visibility on social media, for example through sponsor videos from race weekends, posts, or collaborative content<\/span>\n\t\t\t\t\t\t\t\t\t<\/li>\n\t\t\t\t\t\t\t\t<li class=\"elementor-icon-list-item\">\n\t\t\t\t\t\t\t\t\t\t\t<span class=\"elementor-icon-list-icon\">\n\t\t\t\t\t\t\t<svg aria-hidden=\"true\" class=\"e-font-icon-svg e-fas-angle-double-right\" viewbox=\"0 0 448 512\" xmlns=\"http:\/\/www.w3.org\/2000\/svg\"><path d=\"M224.3 273l-136 136c-9.4 9.4-24.6 9.4-33.9 0l-22.6-22.6c-9.4-9.4-9.4-24.6 0-33.9l96.4-96.4-96.4-96.4c-9.4-9.4-9.4-24.6 0-33.9L54.3 103c9.4-9.4 24.6-9.4 33.9 0l136 136c9.5 9.4 9.5 24.6.1 34zm192-34l-136-136c-9.4-9.4-24.6-9.4-33.9 0l-22.6 22.6c-9.4 9.4-9.4 24.6 0 33.9l96.4 96.4-96.4 96.4c-9.4 9.4-9.4 24.6 0 33.9l22.6 22.6c9.4 9.4 24.6 9.4 33.9 0l136-136c9.4-9.2 9.4-24.4 0-33.8z\"><\/path><\/svg>\t\t\t\t\t\t<\/span>\n\t\t\t\t\t\t\t\t\t\t<span class=\"elementor-icon-list-text\">Newsletters with regular status updates <\/span>\n\t\t\t\t\t\t\t\t\t<\/li>\n\t\t\t\t\t\t<\/ul>\n\t\t\t\t\t\t<\/div>\n\t\t\t\t<div class=\"elementor-element elementor-element-32b0fcc elementor-widget__width-initial elementor-widget elementor-widget-text-editor\" data-id=\"32b0fcc\" data-element_type=\"widget\" data-widget_type=\"text-editor.default\">\n\t\t\t\t\t\t\t\t\t<p>All photo and video material produced in connection with the team\u2019s activities and social media may be freely used by sponsors for their own marketing purposes.<\/p><p>Once the season race calendar is finalized, you will be informed directly as a sponsor. This allows for coordination of potential networking events, branding activities, and collaborative initiatives\u2014ensuring you get the maximum value from the partnership.<\/p><p><a href=\"https:\/\/vspmotorsport.com\/en\/kontakt\/\">Contact us to learn more about the opportunities<\/a>. We look forward to working with you!<\/p>\t\t\t\t\t\t\t\t<\/div>\n\t\t\t\t<div class=\"elementor-element elementor-element-4f1f5e6 elementor-widget elementor-widget-button\" data-id=\"4f1f5e6\" data-element_type=\"widget\" data-widget_type=\"button.default\">\n\t\t\t\t\t\t\t\t\t\t<a class=\"elementor-button elementor-button-link elementor-size-sm\" href=\"https:\/\/vspmotorsport.com\/en\/kontakt\/\">\n\t\t\t\t\t\t<span class=\"elementor-button-content-wrapper\">\n\t\t\t\t\t\t\t\t\t<span class=\"elementor-button-text\">Contact us<\/span>\n\t\t\t\t\t<\/span>\n\t\t\t\t\t<\/a>\n\t\t\t\t\t\t\t\t<\/div>\n\t\t\t\t\t<\/div>\n\t\t\t\t<\/div>\n\t\t\t\t<\/div>\n\t\t<div class=\"elementor-element elementor-element-8904cbf e-con-full e-flex e-con e-child\" data-id=\"8904cbf\" data-element_type=\"container\">\n\t\t\t\t<div class=\"elementor-element elementor-element-0f25ed9 elementor-widget elementor-widget-image\" data-id=\"0f25ed9\" data-element_type=\"widget\" data-widget_type=\"image.default\">\n\t\t\t\t\t\t\t\t\t\t\t\t\t\t\t<img loading=\"lazy\" decoding=\"async\" width=\"800\" height=\"534\" src=\"https:\/\/vspmotorsport.com\/wp-content\/uploads\/2025\/10\/12092025KG_0484-1024x683.jpg\" class=\"attachment-large size-large wp-image-39\" alt=\"VSP Motorsport\" srcset=\"https:\/\/vspmotorsport.com\/wp-content\/uploads\/2025\/10\/12092025KG_0484-1024x683.jpg 1024w, https:\/\/vspmotorsport.com\/wp-content\/uploads\/2025\/10\/12092025KG_0484-300x200.jpg 300w, https:\/\/vspmotorsport.com\/wp-content\/uploads\/2025\/10\/12092025KG_0484-768x512.jpg 768w, https:\/\/vspmotorsport.com\/wp-content\/uploads\/2025\/10\/12092025KG_0484-1536x1024.jpg 1536w, https:\/\/vspmotorsport.com\/wp-content\/uploads\/2025\/10\/12092025KG_0484-2048x1366.jpg 2048w\" sizes=\"(max-width: 800px) 100vw, 800px\" \/>\t\t\t\t\t\t\t\t\t\t\t\t\t\t\t<\/div>\n\t\t\t\t<div class=\"elementor-element elementor-element-af066d3 elementor-hidden-mobile elementor-widget elementor-widget-image\" data-id=\"af066d3\" data-element_type=\"widget\" data-widget_type=\"image.default\">\n\t\t\t\t\t\t\t\t\t\t\t\t\t\t\t<img loading=\"lazy\" decoding=\"async\" width=\"800\" height=\"534\" src=\"https:\/\/vspmotorsport.com\/wp-content\/uploads\/2025\/10\/09052025KG_0524-1024x683.jpg\" class=\"attachment-large size-large wp-image-380\" alt=\"\" srcset=\"https:\/\/vspmotorsport.com\/wp-content\/uploads\/2025\/10\/09052025KG_0524-1024x683.jpg 1024w, https:\/\/vspmotorsport.com\/wp-content\/uploads\/2025\/10\/09052025KG_0524-300x200.jpg 300w, https:\/\/vspmotorsport.com\/wp-content\/uploads\/2025\/10\/09052025KG_0524-768x512.jpg 768w, https:\/\/vspmotorsport.com\/wp-content\/uploads\/2025\/10\/09052025KG_0524-1536x1024.jpg 1536w, https:\/\/vspmotorsport.com\/wp-content\/uploads\/2025\/10\/09052025KG_0524-2048x1366.jpg 2048w\" sizes=\"(max-width: 800px) 100vw, 800px\" \/>\t\t\t\t\t\t\t\t\t\t\t\t\t\t\t<\/div>\n\t\t\t\t<\/div>\n\t\t\t\t<\/div>\n\t\t\t\t<\/div>","protected":false},"excerpt":{"rendered":"<p>SPONSORER Stor tak til vores sponsorer BAUHAUS holst advokater BEIERHOLM OK SUNSET VIL DU V\u00c6RE SPONSOR? Bliv en del af VSP Motorsport og f\u00e5 dit brand med p\u00e5 banen. Som sponsor f\u00e5r du eksponering, omtale og adgang til et st\u00e6rkt netv\u00e6rk inden for motorsport. KONTAKT OS DET F\u00c5R DU SOM SPONSOR VSP MOTORSPORT Som sponsor [&hellip;]<\/p>","protected":false},"author":3,"featured_media":0,"parent":0,"menu_order":0,"comment_status":"closed","ping_status":"closed","template":"elementor_header_footer","meta":{"footnotes":""},"class_list":["post-185","page","type-page","status-publish","hentry"],"_links":{"self":[{"href":"https:\/\/vspmotorsport.com\/en\/wp-json\/wp\/v2\/pages\/185","targetHints":{"allow":["GET"]}}],"collection":[{"href":"https:\/\/vspmotorsport.com\/en\/wp-json\/wp\/v2\/pages"}],"about":[{"href":"https:\/\/vspmotorsport.com\/en\/wp-json\/wp\/v2\/types\/page"}],"author":[{"embeddable":true,"href":"https:\/\/vspmotorsport.com\/en\/wp-json\/wp\/v2\/users\/3"}],"replies":[{"embeddable":true,"href":"https:\/\/vspmotorsport.com\/en\/wp-json\/wp\/v2\/comments?post=185"}],"version-history":[{"count":58,"href":"https:\/\/vspmotorsport.com\/en\/wp-json\/wp\/v2\/pages\/185\/revisions"}],"predecessor-version":[{"id":831,"href":"https:\/\/vspmotorsport.com\/en\/wp-json\/wp\/v2\/pages\/185\/revisions\/831"}],"wp:attachment":[{"href":"https:\/\/vspmotorsport.com\/en\/wp-json\/wp\/v2\/media?parent=185"}],"curies":[{"name":"wp","href":"https:\/\/api.w.org\/{rel}","templated":true}]}}